{"id":1673,"date":"2020-04-02T07:25:06","date_gmt":"2020-04-02T07:25:06","guid":{"rendered":"http:\/\/pluginspoint.com\/geoport\/?page_id=1673"},"modified":"2025-05-28T11:29:59","modified_gmt":"2025-05-28T11:29:59","slug":"duyurular","status":"publish","type":"page","link":"https:\/\/antsodenizcilik.com\/ru\/duyurular\/","title":{"rendered":"\u041e\u0411\u042a\u042f\u0412\u041b\u0415\u041d\u0418\u042f"},"content":{"rendered":"<div data-elementor-type=\"wp-page\" data-elementor-id=\"1673\" class=\"elementor elementor-1673\">\n\t\t\t\t<div class=\"elementor-element elementor-element-f6ae5c0 e-flex e-con-boxed e-con e-parent\" data-id=\"f6ae5c0\" data-element_type=\"container\">\n\t\t\t\t\t<div class=\"e-con-inner\">\n\t\t<div class=\"elementor-element elementor-element-820506c e-con-full e-flex e-con e-child\" data-id=\"820506c\" data-element_type=\"container\">\n\t\t\t\t<div class=\"elementor-element elementor-element-4cc651e elementor-widget elementor-widget-image\" data-id=\"4cc651e\" data-element_type=\"widget\" data-widget_type=\"image.default\">\n\t\t\t\t<div class=\"elementor-widget-container\">\n\t\t\t\t\t\t\t\t\t\t\t\t\t<img fetchpriority=\"high\" decoding=\"async\" width=\"1024\" height=\"682\" src=\"https:\/\/antsodenizcilik.com\/wp-content\/uploads\/2024\/07\/kabotaj-bayrami-antso-denizcilik-1024x682.jpeg\" class=\"attachment-large size-large wp-image-4397\" alt=\"Kabotaj Bayram\u0131 Antso Denizcilik kutlamas\u0131\" srcset=\"https:\/\/antsodenizcilik.com\/wp-content\/uploads\/2024\/07\/kabotaj-bayrami-antso-denizcilik-1024x682.jpeg 1024w, https:\/\/antsodenizcilik.com\/wp-content\/uploads\/2024\/07\/kabotaj-bayrami-antso-denizcilik-300x200.jpeg 300w, https:\/\/antsodenizcilik.com\/wp-content\/uploads\/2024\/07\/kabotaj-bayrami-antso-denizcilik-768x511.jpeg 768w, https:\/\/antsodenizcilik.com\/wp-content\/uploads\/2024\/07\/kabotaj-bayrami-antso-denizcilik-1536x1022.jpeg 1536w, https:\/\/antsodenizcilik.com\/wp-content\/uploads\/2024\/07\/kabotaj-bayrami-antso-denizcilik-80x53.jpeg 80w, https:\/\/antsodenizcilik.com\/wp-content\/uploads\/2024\/07\/kabotaj-bayrami-antso-denizcilik.jpeg 1600w\" sizes=\"(max-width: 1024px) 100vw, 1024px\" \/>\t\t\t\t\t\t\t\t\t\t\t\t\t<\/div>\n\t\t\t\t<\/div>\n\t\t\t\t<\/div>\n\t\t<div class=\"elementor-element elementor-element-a9a64fb e-con-full e-flex e-con e-child\" data-id=\"a9a64fb\" data-element_type=\"container\">\n\t\t\t\t<div class=\"elementor-element elementor-element-e90d8e3 elementor-widget elementor-widget-heading\" data-id=\"e90d8e3\" data-element_type=\"widget\" data-widget_type=\"heading.default\">\n\t\t\t\t<div class=\"elementor-widget-container\">\n\t\t\t<h2 class=\"elementor-heading-title elementor-size-default\">1 \u0438\u044e\u043b\u044f \u0414\u0435\u043d\u044c \u043c\u043e\u0440\u0435\u043f\u043b\u0430\u0432\u0430\u043d\u0438\u044f \u0438 \u043a\u0430\u0431\u043e\u0442\u0430\u0436\u0430<\/h2>\t\t<\/div>\n\t\t\t\t<\/div>\n\t\t\t\t<div class=\"elementor-element elementor-element-d24a929 elementor-widget elementor-widget-text-editor\" data-id=\"d24a929\" data-element_type=\"widget\" data-widget_type=\"text-editor.default\">\n\t\t\t\t<div class=\"elementor-widget-container\">\n\t\t\t\t\t\t\t<p>1 \u0438\u044e\u043b\u044f \u0441\u043e\u0441\u0442\u043e\u044f\u043b\u0441\u044f \u043f\u0440\u0430\u0437\u0434\u043d\u0438\u043a \u0414\u0435\u043d\u044c \u043c\u043e\u0440\u0435\u043f\u043b\u0430\u0432\u0430\u043d\u0438\u044f \u0438 \u043a\u0430\u0431\u043e\u0442\u0430\u0436\u0430 \u0441 \u0443\u0447\u0430\u0441\u0442\u0438\u0435\u043c \u0433\u043e\u0440\u043e\u0434\u0441\u043a\u043e\u0433\u043e \u043f\u0440\u043e\u0442\u043e\u043a\u043e\u043b\u0430 \u0438 \u0421\u043e\u0432\u0435\u0442\u0430 \u0434\u0438\u0440\u0435\u043a\u0442\u043e\u0440\u043e\u0432 ANTSO Maritime. \u041d\u0430 \u043c\u0435\u0440\u043e\u043f\u0440\u0438\u044f\u0442\u0438\u0438, \u043a\u043e\u0442\u043e\u0440\u043e\u0435 \u043f\u0440\u043e\u0432\u043e\u0434\u0438\u043b\u043e\u0441\u044c \u043d\u0430 \u043d\u0430\u0448\u0435\u043c \u043f\u0430\u0440\u043e\u043c\u043d\u043e\u043c \u0438 \u0433\u0438\u0434\u0440\u043e\u0441\u0430\u043c\u043e\u043b\u0435\u0442\u043d\u043e\u043c \u043f\u0440\u0438\u0447\u0430\u043b\u0435 \u0410\u043d\u0430\u043c\u0443\u0440, \u0432 \u043c\u043e\u0440\u0435 \u0431\u044b\u043b \u043e\u0441\u0442\u0430\u0432\u043b\u0435\u043d \u0432\u0435\u043d\u043e\u043a \u0432 \u0444\u043e\u0440\u043c\u0435 \u0442\u0443\u0440\u0435\u0446\u043a\u043e\u0433\u043e \u0444\u043b\u0430\u0433\u0430.<\/p><p>\u0412 \u0446\u0435\u0440\u0435\u043c\u043e\u043d\u0438\u0438 \u043f\u0440\u0438\u043d\u044f\u043b\u0438 \u0443\u0447\u0430\u0441\u0442\u0438\u0435 \u0433\u0443\u0431\u0435\u0440\u043d\u0430\u0442\u043e\u0440 \u043e\u043a\u0440\u0443\u0433\u0430 \u0411\u0438\u043b\u0430\u043b \u0411\u043e\u0437\u0434\u0435\u043c\u0438\u0440, \u043c\u044d\u0440 \u0410\u043d\u0430\u043c\u0443\u0440\u0430 \u0414\u0443\u0440\u043c\u0443\u0448 \u0414\u0435\u043d\u0438\u0437, \u043f\u0440\u0435\u0437\u0438\u0434\u0435\u043d\u0442 \u043f\u043e\u0440\u0442\u0430 \u0410\u043d\u0430\u043c\u0443\u0440 \u0425\u0443\u0441\u0435\u0439\u043d \u0414\u0435\u043c\u0438\u0440, \u043f\u0440\u0435\u0434\u0441\u0435\u0434\u0430\u0442\u0435\u043b\u044c \u0441\u043e\u0432\u0435\u0442\u0430 \u0434\u0438\u0440\u0435\u043a\u0442\u043e\u0440\u043e\u0432 ANTSO Maritime, \u043f\u0440\u0435\u0437\u0438\u0434\u0435\u043d\u0442 \u0422\u043e\u0440\u0433\u043e\u0432\u043e-\u043f\u0440\u043e\u043c\u044b\u0448\u043b\u0435\u043d\u043d\u043e\u0439 \u043f\u0430\u043b\u0430\u0442\u044b \u0410\u043d\u0430\u043c\u0443\u0440\u0430 \u041c\u0435\u0445\u043c\u0435\u0442 \u0422\u0443\u043d\u0430, \u0447\u043b\u0435\u043d \u0441\u043e\u0432\u0435\u0442\u0430 \u0434\u0438\u0440\u0435\u043a\u0442\u043e\u0440\u043e\u0432 ANTSO Maritime, \u0433\u0435\u043d\u0435\u0440\u0430\u043b\u044c\u043d\u044b\u0439 \u0434\u0438\u0440\u0435\u043a\u0442\u043e\u0440 Y\u00fccelen Foundation \u042d\u0440\u0433\u044e\u043d \u041e\u0437\u0430\u043b\u0442\u0443\u043d \u0438 \u0433\u0435\u043d\u0435\u0440\u0430\u043b\u044c\u043d\u044b\u0439 \u0434\u0438\u0440\u0435\u043a\u0442\u043e\u0440 ANTSO Maritime \u0411\u044e\u043b\u0435\u043d\u0442 \u041e\u043a.<\/p>\t\t\t\t\t\t<\/div>\n\t\t\t\t<\/div>\n\t\t\t\t<\/div>\n\t\t\t\t\t<\/div>\n\t\t\t\t<\/div>\n\t\t\t\t<\/div>","protected":false},"excerpt":{"rendered":"<p>1 Temmuz Denizcilik ve Kabotaj Bayram\u0131 1 Temmuz Denizcilik ve Kabotaj Bayram\u0131, Kent protokol\u00fc ve ANTSO Denizcilik Y\u00f6netim Kurulu&#8217;nun kat\u0131l\u0131m\u0131yla kutland\u0131. Anamur Feribot ve Deniz U\u00e7a\u011f\u0131 iskelemizde ger\u00e7ekle\u015ftirilen etkinlikte, denize T\u00fcrk Bayra\u011f\u0131 \u015feklindeki \u00e7elenk b\u0131rak\u0131ld\u0131. D\u00fczenlenen t\u00f6rene, \u0130l\u00e7e Kaymakam\u0131 Bilal Bozdemir, Anamur Belediye Ba\u015fkan\u0131 Durmu\u015f Deniz, Anamur Liman Ba\u015fkan\u0131 H\u00fcseyin Demir, ANTSO Denizcilik Y\u00f6netim Kurulu [&hellip;]<\/p>","protected":false},"author":1,"featured_media":0,"parent":0,"menu_order":0,"comment_status":"closed","ping_status":"closed","template":"page-template\/blank-page-sidebar.php","meta":{"footnotes":""},"class_list":["post-1673","page","type-page","status-publish","hentry"],"rankMath":{"parentDomain":"antsodenizcilik.com","noFollowDomains":[],"noFollowExcludeDomains":[],"noFollowExternalLinks":false,"featuredImageNotice":"\u041f\u043e\u043a\u0430\u0437\u0430\u043d\u043d\u043e\u0435 \u0438\u0437\u043e\u0431\u0440\u0430\u0436\u0435\u043d\u0438\u0435 \u0434\u043e\u043b\u0436\u043d\u043e \u0431\u044b\u0442\u044c \u0440\u0430\u0437\u043c\u0435\u0440\u043e\u043c \u043d\u0435 \u043c\u0435\u043d\u0435\u0435 200 \u043d\u0430 200 \u043f\u0438\u043a\u0441\u0435\u043b\u0435\u0439, \u0447\u0442\u043e\u0431\u044b \u0435\u0433\u043e \u043c\u043e\u0433\u043b\u0438 \u0443\u0432\u0438\u0434\u0435\u0442\u044c Facebook \u0438 \u0434\u0440\u0443\u0433\u0438\u0435 \u0441\u0430\u0439\u0442\u044b \u0441\u043e\u0446\u0438\u0430\u043b\u044c\u043d\u044b\u0445 \u0441\u0435\u0442\u0435\u0439.","pluginReviewed":false,"postSettings":{"linkSuggestions":true,"useFocusKeyword":false},"frontEndScore":false,"postName":"duyurular","permalinkFormat":"https:\/\/antsodenizcilik.com\/ru\/%pagename%\/","showLockModifiedDate":true,"assessor":{"focusKeywordLink":"https:\/\/antsodenizcilik.com\/wp-admin\/edit.php?focus_keyword=%focus_keyword%&post_type=%post_type%","hasTOCPlugin":true,"primaryTaxonomy":false,"serpData":{"title":"","description":"","focusKeywords":"","pillarContent":false,"canonicalUrl":"","breadcrumbTitle":"","advancedRobots":{"max-snippet":"-1","max-video-preview":"-1","max-image-preview":"large"},"facebookTitle":"","facebookDescription":"","facebookImage":"","facebookImageID":"","facebookHasOverlay":false,"facebookImageOverlay":"","facebookAuthor":"","twitterCardType":"","twitterUseFacebook":true,"twitterTitle":"","twitterDescription":"","twitterImage":"","twitterImageID":"","twitterHasOverlay":false,"twitterImageOverlay":"","twitterPlayerUrl":"","twitterPlayerSize":"","twitterPlayerStream":"","twitterPlayerStreamCtype":"","twitterAppDescription":"","twitterAppIphoneName":"","twitterAppIphoneID":"","twitterAppIphoneUrl":"","twitterAppIpadName":"","twitterAppIpadID":"","twitterAppIpadUrl":"","twitterAppGoogleplayName":"","twitterAppGoogleplayID":"","twitterAppGoogleplayUrl":"","twitterAppCountry":"","robots":{"index":true},"twitterAuthor":"\u0438\u043c\u044f \u043f\u043e\u043b\u044c\u0437\u043e\u0432\u0430\u0442\u0435\u043b\u044f","primaryTerm":0,"authorName":"@ntsodenizcilik","titleTemplate":"%title% %sep% %sitename%","descriptionTemplate":"%excerpt%","showScoreFrontend":true,"lockModifiedDate":false},"powerWords":[],"diacritics":{"A":"[\\u0410\\u0430]","B":"[\\u0411\\u0431]","V":"[\\u0412\\u0432]","G":"[\\u0413\\u0433]","D":"[\\u0414\\u0434]","YE":"[\\u0415\\u0435]","YO":"[\\u0401\\u0451]","ZH":"[\\u0416\\u0436]","Z":"[\\u0417\\u0437]","EE":"[\\u0418\\u0438]","YI":"[\\u0419\\u0439]","K":"[\\u041A\\u043A]","L":"[\\u041B\\u043B]","M":"[\\u041C\\u043c]","P":"[\\u041F\\u043F]","T":"[\\u0422\\u0442]","U":"[\\u0423\\u0443]","F":"[\\u0424\\u0444]","H":"[\\u0425\\u0445]","TS":"[\\u0426\\u0446]","CH":"[\\u0427\\u0447]","SH":"[\\u0428\\u0448\\u0429\\u0449]","I":"[\\u042B\\u044B]","E":"[\\u042D\\u044D]","YU":"[\\u042E\\u044E]","YA":"[\\u042F\\u044F]","N":"[\\u041D\\u043D]"},"researchesTests":["contentHasTOC","contentHasShortParagraphs","contentHasAssets","keywordInTitle","keywordInMetaDescription","keywordInPermalink","keywordIn10Percent","keywordInContent","keywordInSubheadings","keywordInImageAlt","keywordDensity","keywordNotUsed","lengthContent","lengthPermalink","linksHasInternal","linksHasExternals","linksNotAllExternals","titleStartWithKeyword","titleSentiment","titleHasPowerWords","titleHasNumber","hasContentAI"],"hasRedirection":true,"hasBreadcrumb":false},"homeUrl":"https:\/\/antsodenizcilik.com\/ru","objectID":1673,"objectType":"post","locale":"ru","localeFull":"ru_RU","overlayImages":{"play":{"name":"Play \u0438\u043a\u043e\u043d\u043a\u0430","url":"https:\/\/antsodenizcilik.com\/wp-content\/plugins\/seo-by-rank-math\/assets\/admin\/img\/icon-play.png","path":"\/home\/antsodenizcilik\/public_html\/wp-content\/plugins\/seo-by-rank-math\/assets\/admin\/img\/icon-play.png","position":"middle_center"},"gif":{"name":"GIF \u0438\u043a\u043e\u043d\u043a\u0430","url":"https:\/\/antsodenizcilik.com\/wp-content\/plugins\/seo-by-rank-math\/assets\/admin\/img\/icon-gif.png","path":"\/home\/antsodenizcilik\/public_html\/wp-content\/plugins\/seo-by-rank-math\/assets\/admin\/img\/icon-gif.png","position":"middle_center"}},"defautOgImage":"https:\/\/antsodenizcilik.com\/wp-content\/plugins\/seo-by-rank-math\/assets\/admin\/img\/social-placeholder.jpg","customPermalinks":true,"isUserRegistered":true,"autoSuggestKeywords":true,"connectSiteUrl":"https:\/\/rankmath.com\/auth?site=https%3A%2F%2Fantsodenizcilik.com%2Fru&r=https%3A%2F%2Fantsodenizcilik.com%2Fru%2Fwp-json%2Fwp%2Fv2%2Fpages%2F1673%3Fnonce%3D893bdeae26&pro=1","maxTags":100,"trendsIcon":"<svg viewBox=\"0 0 610 610\"><path d=\"M18.85,446,174.32,290.48l58.08,58.08L76.93,504a14.54,14.54,0,0,1-20.55,0L18.83,466.48a14.54,14.54,0,0,1,0-20.55Z\" style=\"fill:#4285f4\"\/><path d=\"M242.65,242.66,377.59,377.6l-47.75,47.75a14.54,14.54,0,0,1-20.55,0L174.37,290.43l47.75-47.75A14.52,14.52,0,0,1,242.65,242.66Z\" style=\"fill:#ea4335\"\/><polygon points=\"319.53 319.53 479.26 159.8 537.34 217.88 377.61 377.62 319.53 319.53\" style=\"fill:#fabb05\"\/><path d=\"M594.26,262.73V118.61h0a16.94,16.94,0,0,0-16.94-16.94H433.2a16.94,16.94,0,0,0-12,28.92L565.34,274.71h0a16.94,16.94,0,0,0,28.92-12Z\" style=\"fill:#34a853\"\/><rect width=\"610\" height=\"610\" style=\"fill:none\"\/><\/svg>","showScore":true,"siteFavIcon":"https:\/\/antsodenizcilik.com\/wp-content\/uploads\/2024\/07\/ANTSO-LOGO-32-PX-80x80.png","canUser":{"general":false,"advanced":false,"snippet":false,"social":false,"analysis":false,"analytics":false,"content_ai":false},"isPro":true,"is_front_page":false,"trendsUpgradeLink":"https:\/\/rankmath.com\/pricing\/?utm_source=Plugin&utm_medium=CE%20General%20Tab%20Trends&utm_campaign=WP","trendsUpgradeLabel":"\u0410\u043f\u0433\u0440\u0435\u0439\u0434","trendsPreviewImage":"https:\/\/antsodenizcilik.com\/wp-content\/plugins\/seo-by-rank-math\/assets\/admin\/img\/trends-preview.jpg","currentEditor":false,"homepageData":{"assessor":{"powerWords":[],"diacritics":true,"researchesTests":["contentHasTOC","contentHasShortParagraphs","contentHasAssets","keywordInTitle","keywordInMetaDescription","keywordInPermalink","keywordIn10Percent","keywordInContent","keywordInSubheadings","keywordInImageAlt","keywordDensity","keywordNotUsed","lengthContent","lengthPermalink","linksHasInternal","linksHasExternals","linksNotAllExternals","titleStartWithKeyword","titleSentiment","titleHasPowerWords","titleHasNumber","hasContentAI"],"hasBreadcrumb":false,"serpData":{"title":"%sitename% %page% %sep% %sitedesc%","description":"","titleTemplate":"%sitename% %page% %sep% %sitedesc%","descriptionTemplate":"","focusKeywords":"","breadcrumbTitle":"Home","robots":{"index":true},"advancedRobots":{"max-snippet":"-1","max-video-preview":"-1","max-image-preview":"large"},"facebookTitle":"","facebookDescription":"","facebookImage":"","facebookImageID":""}}},"isAnalyticsConnected":false,"tocTitle":"Table of Contents","tocExcludeHeadings":[],"listStyle":"ul"},"_links":{"self":[{"href":"https:\/\/antsodenizcilik.com\/ru\/wp-json\/wp\/v2\/pages\/1673","targetHints":{"allow":["GET"]}}],"collection":[{"href":"https:\/\/antsodenizcilik.com\/ru\/wp-json\/wp\/v2\/pages"}],"about":[{"href":"https:\/\/antsodenizcilik.com\/ru\/wp-json\/wp\/v2\/types\/page"}],"author":[{"embeddable":true,"href":"https:\/\/antsodenizcilik.com\/ru\/wp-json\/wp\/v2\/users\/1"}],"replies":[{"embeddable":true,"href":"https:\/\/antsodenizcilik.com\/ru\/wp-json\/wp\/v2\/comments?post=1673"}],"version-history":[{"count":22,"href":"https:\/\/antsodenizcilik.com\/ru\/wp-json\/wp\/v2\/pages\/1673\/revisions"}],"predecessor-version":[{"id":5065,"href":"https:\/\/antsodenizcilik.com\/ru\/wp-json\/wp\/v2\/pages\/1673\/revisions\/5065"}],"wp:attachment":[{"href":"https:\/\/antsodenizcilik.com\/ru\/wp-json\/wp\/v2\/media?parent=1673"}],"curies":[{"name":"wp","href":"https:\/\/api.w.org\/{rel}","templated":true}]}}