{"id":1084,"date":"2020-03-28T11:25:40","date_gmt":"2020-03-28T11:25:40","guid":{"rendered":"http:\/\/pluginspoint.com\/geoport\/?page_id=1084"},"modified":"2025-05-30T14:11:32","modified_gmt":"2025-05-30T14:11:32","slug":"hakkimizda","status":"publish","type":"page","link":"https:\/\/antsodenizcilik.com\/ru\/hakkimizda\/","title":{"rendered":"\u041e \u041d\u0410\u0421"},"content":{"rendered":"<div data-elementor-type=\"wp-page\" data-elementor-id=\"1084\" class=\"elementor elementor-1084\">\n\t\t\t\t\t\t<section class=\"elementor-section elementor-top-section elementor-element elementor-element-26e8d99 elementor-section-boxed elementor-section-height-default elementor-section-height-default\" data-id=\"26e8d99\" data-element_type=\"section\" data-settings=\"{&quot;background_background&quot;:&quot;classic&quot;}\">\n\t\t\t\t\t\t<div class=\"elementor-container elementor-column-gap-default\">\n\t\t\t\t\t<div class=\"elementor-column elementor-col-50 elementor-top-column elementor-element elementor-element-b7829ff\" data-id=\"b7829ff\" data-element_type=\"column\">\n\t\t\t<div class=\"elementor-widget-wrap elementor-element-populated\">\n\t\t\t\t\t\t<div class=\"elementor-element elementor-element-ba2bd0e reset-max-width about-page-counter elementor-widget elementor-widget-image\" data-id=\"ba2bd0e\" data-element_type=\"widget\" data-widget_type=\"image.default\">\n\t\t\t\t<div class=\"elementor-widget-container\">\n\t\t\t\t\t\t\t\t\t\t\t\t\t<img decoding=\"async\" src=\"https:\/\/antsodenizcilik.com\/wp-content\/uploads\/elementor\/thumbs\/bizkimiz-r1e5r2xjh8vk5dsvyer56dfw62k3kd7xeh9gjgmoac.png\" title=\"\u043a\u0442\u043e \u043c\u044b\" alt=\"bizkimiz\" loading=\"lazy\" \/>\t\t\t\t\t\t\t\t\t\t\t\t\t<\/div>\n\t\t\t\t<\/div>\n\t\t\t\t\t<\/div>\n\t\t<\/div>\n\t\t\t\t<div class=\"elementor-column elementor-col-50 elementor-top-column elementor-element elementor-element-b4fcd24\" data-id=\"b4fcd24\" data-element_type=\"column\">\n\t\t\t<div class=\"elementor-widget-wrap elementor-element-populated\">\n\t\t\t\t\t\t<section class=\"elementor-section elementor-inner-section elementor-element elementor-element-cfe0813 elementor-section-boxed elementor-section-height-default elementor-section-height-default\" data-id=\"cfe0813\" data-element_type=\"section\">\n\t\t\t\t\t\t<div class=\"elementor-container elementor-column-gap-default\">\n\t\t\t\t\t<div class=\"elementor-column elementor-col-100 elementor-inner-column elementor-element elementor-element-68851f3\" data-id=\"68851f3\" data-element_type=\"column\">\n\t\t\t<div class=\"elementor-widget-wrap elementor-element-populated\">\n\t\t\t\t\t\t<div class=\"elementor-element elementor-element-00d577b elementor-widget elementor-widget-section-head\" data-id=\"00d577b\" data-element_type=\"widget\" data-widget_type=\"section-head.default\">\n\t\t\t\t<div class=\"elementor-widget-container\">\n\t\t\t\t\t<div class=\"section-title s-section-title\">\r\n\t\t\t            <span class=\"line wow none\" data-wow-delay=\"0.2s\">\u041e \u043d\u0430\u0441<\/span>\r\n                        <h2>\r\n            \t            \t<span class=\"tl1\" >\u041a\u0422\u041e \u041c\u042b?<\/span>\r\n            \t            <\/h2>\r\n                        <h2 class=\"bg-title\">\u041e \u043d\u0430\u0441<\/h2>\r\n        \t      <\/div>\r\n\t\t\t<\/div>\n\t\t\t\t<\/div>\n\t\t\t\t<div class=\"elementor-element elementor-element-2bb5100 elementor-widget elementor-widget-text-editor\" data-id=\"2bb5100\" data-element_type=\"widget\" data-widget_type=\"text-editor.default\">\n\t\t\t\t<div class=\"elementor-widget-container\">\n\t\t\t\t\t\t\t<p class=\"p3\"><span class=\"s2\">ANTSO \u041c\u043e\u0440\u0441\u043a\u0430\u044f \u0442\u0443\u0440\u0438\u0441\u0442\u0438\u0447\u0435\u0441\u043a\u0430\u044f \u0438\u043d\u0434\u0443\u0441\u0442\u0440\u0438\u044f \u0438 \u0442\u043e\u0440\u0433\u043e\u0432\u043b\u044f Inc. \u041e\u043d \u0431\u044b\u043b \u043e\u0441\u043d\u043e\u0432\u0430\u043d \u0432 2024 \u0433\u043e\u0434\u0443 \u0432 \u0410\u043d\u0430\u043c\u0443\u0440\u0435, \u043a\u043e\u0442\u043e\u0440\u044b\u0439 \u044f\u0432\u043b\u044f\u0435\u0442\u0441\u044f \u0431\u043b\u0438\u0436\u0430\u0439\u0448\u0435\u0439 \u043a \u041a\u0438\u043f\u0440\u0443 \u0442\u043e\u0447\u043a\u043e\u0439 \u0422\u0443\u0440\u0446\u0438\u0438 \u0438 \u043d\u0430\u0445\u043e\u0434\u0438\u0442\u0441\u044f \u0432\u0441\u0435\u0433\u043e \u0432 44 \u043c\u0438\u043b\u044f\u0445 \u043e\u0442 \u041a\u0438\u0440\u0435\u043d\u0438\u0438.<\/span><\/p><p class=\"p3\"><span class=\"s2\">\u0412 2020 \u0433\u043e\u0434\u0443 \u0422\u0443\u0440\u0435\u0446\u043a\u0430\u044f \u0420\u0435\u0441\u043f\u0443\u0431\u043b\u0438\u043a\u0430. \u041a\u043e\u043c\u043f\u0430\u043d\u0438\u044f ANTSO Denizcilik A.\u015e., \u0441\u043e\u0437\u0434\u0430\u043d\u043d\u0430\u044f \u043f\u043e\u0434 \u0440\u0443\u043a\u043e\u0432\u043e\u0434\u0441\u0442\u0432\u043e\u043c \u0424\u043e\u043d\u0434\u0430 \u042e\u0434\u0436\u0435\u043b\u0435\u043d \u0438 \u0422\u043e\u0440\u0433\u043e\u0432\u043e-\u043f\u0440\u043e\u043c\u044b\u0448\u043b\u0435\u043d\u043d\u043e\u0439 \u043f\u0430\u043b\u0430\u0442\u044b \u0410\u043d\u0430\u043c\u0443\u0440\u0430 \u0434\u043b\u044f \u043e\u0442\u043a\u0440\u044b\u0442\u0438\u044f \u00ab\u041f\u0430\u0440\u043e\u043c\u043d\u043e\u0433\u043e \u0438 \u0433\u0438\u0434\u0440\u043e\u0441\u0430\u043c\u043e\u043b\u0435\u0442\u043d\u043e\u0433\u043e \u043f\u0438\u0440\u0441\u0430 \u0410\u043d\u0430\u043c\u0443\u0440\u00bb, \u0441\u0442\u0440\u043e\u0438\u0442\u0435\u043b\u044c\u0441\u0442\u0432\u043e \u043a\u043e\u0442\u043e\u0440\u043e\u0433\u043e \u0431\u044b\u043b\u043e \u0437\u0430\u0432\u0435\u0440\u0448\u0435\u043d\u043e \u041c\u0438\u043d\u0438\u0441\u0442\u0435\u0440\u0441\u0442\u0432\u043e\u043c \u0442\u0440\u0430\u043d\u0441\u043f\u043e\u0440\u0442\u0430, \u0441\u0442\u0430\u0432\u0438\u0442 \u0441\u0432\u043e\u0435\u0439 \u0446\u0435\u043b\u044c\u044e \u0432\u043d\u0435\u0441\u0442\u0438 \u0432\u043a\u043b\u0430\u0434 \u0432 \u044d\u043a\u043e\u043d\u043e\u043c\u0438\u043a\u0443 \u0422\u0443\u0440\u0446\u0438\u0438 \u0438 \u0422\u0420\u0421\u041a \u043f\u043e\u0441\u0440\u0435\u0434\u0441\u0442\u0432\u043e\u043c \u0440\u0435\u0433\u0438\u043e\u043d\u0430\u043b\u044c\u043d\u043e\u0433\u043e \u0442\u0443\u0440\u0438\u0437\u043c\u0430.<\/span><\/p>\t\t\t\t\t\t<\/div>\n\t\t\t\t<\/div>\n\t\t\t\t\t<\/div>\n\t\t<\/div>\n\t\t\t\t\t<\/div>\n\t\t<\/section>\n\t\t\t\t\t<\/div>\n\t\t<\/div>\n\t\t\t\t\t<\/div>\n\t\t<\/section>\n\t\t\t\t<section class=\"elementor-section elementor-top-section elementor-element elementor-element-cdf26ef elementor-section-boxed elementor-section-height-default elementor-section-height-default\" data-id=\"cdf26ef\" data-element_type=\"section\" data-settings=\"{&quot;background_background&quot;:&quot;classic&quot;}\">\n\t\t\t\t\t\t\t<div class=\"elementor-background-overlay\"><\/div>\n\t\t\t\t\t\t\t<div class=\"elementor-container elementor-column-gap-default\">\n\t\t\t\t\t<div class=\"elementor-column elementor-col-100 elementor-top-column elementor-element elementor-element-65e5ac5\" data-id=\"65e5ac5\" data-element_type=\"column\">\n\t\t\t<div class=\"elementor-widget-wrap elementor-element-populated\">\n\t\t\t\t\t\t<section class=\"elementor-section elementor-inner-section elementor-element elementor-element-cd7404c elementor-section-content-middle elementor-section-boxed elementor-section-height-default elementor-section-height-default\" data-id=\"cd7404c\" data-element_type=\"section\">\n\t\t\t\t\t\t<div class=\"elementor-container elementor-column-gap-default\">\n\t\t\t\t\t<div class=\"elementor-column elementor-col-33 elementor-inner-column elementor-element elementor-element-37ce80e\" data-id=\"37ce80e\" data-element_type=\"column\">\n\t\t\t<div class=\"elementor-widget-wrap\">\n\t\t\t\t\t\t\t<\/div>\n\t\t<\/div>\n\t\t\t\t<div class=\"elementor-column elementor-col-33 elementor-inner-column elementor-element elementor-element-1797088\" data-id=\"1797088\" data-element_type=\"column\">\n\t\t\t<div class=\"elementor-widget-wrap elementor-element-populated\">\n\t\t\t\t\t\t<div class=\"elementor-element elementor-element-4345bdf elementor-widget elementor-widget-video-button\" data-id=\"4345bdf\" data-element_type=\"widget\" data-widget_type=\"video-button.default\">\n\t\t\t\t<div class=\"elementor-widget-container\">\n\t\t\t\t   <div class=\"cta-video text-center\">\r\n\t      <a href=\"https:\/\/www.youtube.com\/watch?v=8S8TrN77bHA\" class=\"popup-video\" target=\"_blank\" rel=\"noopener\"><i class=\"fas fa-play\"><\/i><\/a>\r\n\t   <\/div>\r\n\t\t\t<\/div>\n\t\t\t\t<\/div>\n\t\t\t\t<div class=\"elementor-element elementor-element-18a6f89 elementor-widget elementor-widget-section-head\" data-id=\"18a6f89\" data-element_type=\"widget\" data-widget_type=\"section-head.default\">\n\t\t\t\t<div class=\"elementor-widget-container\">\n\t\t\t\t\t<div class=\"section-title\">\r\n\t\t\t            <span class=\"wow\">\u0412\u044b \u043c\u043e\u0436\u0435\u0442\u0435 \u043f\u0440\u043e\u0441\u043c\u043e\u0442\u0440\u0435\u0442\u044c<\/span>\r\n                        <h2>\r\n            \t            \t<span class=\"tl1\" >\u041d\u0410\u0428 \u041f\u041e\u0420\u0422<\/span>\r\n            \t            <\/h2>\r\n                  <\/div>\r\n\t\t\t<\/div>\n\t\t\t\t<\/div>\n\t\t\t\t\t<\/div>\n\t\t<\/div>\n\t\t\t\t<div class=\"elementor-column elementor-col-33 elementor-inner-column elementor-element elementor-element-dc393cb\" data-id=\"dc393cb\" data-element_type=\"column\">\n\t\t\t<div class=\"elementor-widget-wrap\">\n\t\t\t\t\t\t\t<\/div>\n\t\t<\/div>\n\t\t\t\t\t<\/div>\n\t\t<\/section>\n\t\t\t\t\t<\/div>\n\t\t<\/div>\n\t\t\t\t\t<\/div>\n\t\t<\/section>\n\t\t<div class=\"elementor-element elementor-element-7746bca e-flex e-con-boxed e-con e-parent\" data-id=\"7746bca\" data-element_type=\"container\">\n\t\t\t\t\t<div class=\"e-con-inner\">\n\t\t\t\t\t<\/div>\n\t\t\t\t<\/div>\n\t\t\t\t<\/div>","protected":false},"excerpt":{"rendered":"<p>\u041e \u043d\u0430\u0441 \u041a\u0422\u041e \u041c\u042b \u041e \u043d\u0430\u0441 ANTSO Maritime Tourism Industry and Trade Inc. \u0431\u044b\u043b\u0430 \u043e\u0441\u043d\u043e\u0432\u0430\u043d\u0430 \u0432 2024 \u0433\u043e\u0434\u0443 \u0432 \u0410\u043d\u0430\u043c\u0443\u0440\u0435, \u043a\u043e\u0442\u043e\u0440\u044b\u0439 \u044f\u0432\u043b\u044f\u0435\u0442\u0441\u044f \u0431\u043b\u0438\u0436\u0430\u0439\u0448\u0435\u0439 \u0442\u043e\u0447\u043a\u043e\u0439 \u0422\u0443\u0440\u0446\u0438\u0438 \u043a \u041a\u0438\u043f\u0440\u0443 \u0438 \u0432\u0441\u0435\u0433\u043e \u0432 44 \u043c\u0438\u043b\u044f\u0445 \u043e\u0442 \u041a\u0438\u0440\u0435\u043d\u0438\u0438. \u0414\u043b\u044f \u043e\u0442\u043a\u0440\u044b\u0442\u0438\u044f \u00abAnamur Ferry and Seaplane Pier\u00bb, \u043a\u043e\u0442\u043e\u0440\u044b\u0439 \u0431\u044b\u043b \u0437\u0430\u0432\u0435\u0440\u0448\u0435\u043d \u041c\u0438\u043d\u0438\u0441\u0442\u0435\u0440\u0441\u0442\u0432\u043e\u043c \u0442\u0440\u0430\u043d\u0441\u043f\u043e\u0440\u0442\u0430 \u0422\u0443\u0440\u0435\u0446\u043a\u043e\u0439 \u0420\u0435\u0441\u043f\u0443\u0431\u043b\u0438\u043a\u0438 \u0432 2020 \u0433\u043e\u0434\u0443 \u043f\u043e\u0434 \u0440\u0443\u043a\u043e\u0432\u043e\u0434\u0441\u0442\u0432\u043e\u043c Y\u00fccelen Foundation \u0438 \u0422\u043e\u0440\u0433\u043e\u0432\u043e-\u043f\u0440\u043e\u043c\u044b\u0448\u043b\u0435\u043d\u043d\u043e\u0439 \u043f\u0430\u043b\u0430\u0442\u044b \u0410\u043d\u0430\u043c\u0443\u0440\u0430, [\u2026]<\/p>","protected":false},"author":1,"featured_media":0,"parent":0,"menu_order":0,"comment_status":"closed","ping_status":"closed","template":"page-template\/blank-page-sidebar.php","meta":{"footnotes":""},"class_list":["post-1084","page","type-page","status-publish","hentry"],"rankMath":{"parentDomain":"antsodenizcilik.com","noFollowDomains":[],"noFollowExcludeDomains":[],"noFollowExternalLinks":false,"featuredImageNotice":"\u041f\u043e\u043a\u0430\u0437\u0430\u043d\u043d\u043e\u0435 \u0438\u0437\u043e\u0431\u0440\u0430\u0436\u0435\u043d\u0438\u0435 \u0434\u043e\u043b\u0436\u043d\u043e \u0431\u044b\u0442\u044c \u0440\u0430\u0437\u043c\u0435\u0440\u043e\u043c \u043d\u0435 \u043c\u0435\u043d\u0435\u0435 200 \u043d\u0430 200 \u043f\u0438\u043a\u0441\u0435\u043b\u0435\u0439, \u0447\u0442\u043e\u0431\u044b \u0435\u0433\u043e \u043c\u043e\u0433\u043b\u0438 \u0443\u0432\u0438\u0434\u0435\u0442\u044c Facebook \u0438 \u0434\u0440\u0443\u0433\u0438\u0435 \u0441\u0430\u0439\u0442\u044b \u0441\u043e\u0446\u0438\u0430\u043b\u044c\u043d\u044b\u0445 \u0441\u0435\u0442\u0435\u0439.","pluginReviewed":false,"postSettings":{"linkSuggestions":true,"useFocusKeyword":false},"frontEndScore":false,"postName":"hakkimizda","permalinkFormat":"https:\/\/antsodenizcilik.com\/ru\/%pagename%\/","showLockModifiedDate":true,"assessor":{"focusKeywordLink":"https:\/\/antsodenizcilik.com\/wp-admin\/edit.php?focus_keyword=%focus_keyword%&post_type=%post_type%","hasTOCPlugin":true,"primaryTaxonomy":false,"serpData":{"title":"","description":"ANTSO Denizcilik Turizm Sanayi ve Ticaret A.\u015e. 2024 y\u0131l\u0131nda T\u00fcrkiye\u2019nin K\u0131br\u0131s\u2019a en yak\u0131n noktas\u0131 olan ve Girne\u2019ye sadece 44 mil uzakl\u0131kta bulunan Anamur\u2019da kurulmu\u015ftur.","focusKeywords":"HAKKIMIZDA","pillarContent":false,"canonicalUrl":"","breadcrumbTitle":"","advancedRobots":{"max-snippet":"-1","max-video-preview":"-1","max-image-preview":"large"},"facebookTitle":"","facebookDescription":"","facebookImage":"","facebookImageID":"","facebookHasOverlay":false,"facebookImageOverlay":"","facebookAuthor":"","twitterCardType":"","twitterUseFacebook":true,"twitterTitle":"","twitterDescription":"","twitterImage":"","twitterImageID":"","twitterHasOverlay":false,"twitterImageOverlay":"","twitterPlayerUrl":"","twitterPlayerSize":"","twitterPlayerStream":"","twitterPlayerStreamCtype":"","twitterAppDescription":"","twitterAppIphoneName":"","twitterAppIphoneID":"","twitterAppIphoneUrl":"","twitterAppIpadName":"","twitterAppIpadID":"","twitterAppIpadUrl":"","twitterAppGoogleplayName":"","twitterAppGoogleplayID":"","twitterAppGoogleplayUrl":"","twitterAppCountry":"","robots":{"index":true},"twitterAuthor":"\u0438\u043c\u044f \u043f\u043e\u043b\u044c\u0437\u043e\u0432\u0430\u0442\u0435\u043b\u044f","primaryTerm":0,"authorName":"@ntsodenizcilik","titleTemplate":"%title% %sep% %sitename%","descriptionTemplate":"%excerpt%","showScoreFrontend":true,"lockModifiedDate":false},"powerWords":[],"diacritics":{"A":"[\\u0410\\u0430]","B":"[\\u0411\\u0431]","V":"[\\u0412\\u0432]","G":"[\\u0413\\u0433]","D":"[\\u0414\\u0434]","YE":"[\\u0415\\u0435]","YO":"[\\u0401\\u0451]","ZH":"[\\u0416\\u0436]","Z":"[\\u0417\\u0437]","EE":"[\\u0418\\u0438]","YI":"[\\u0419\\u0439]","K":"[\\u041A\\u043A]","L":"[\\u041B\\u043B]","M":"[\\u041C\\u043c]","P":"[\\u041F\\u043F]","T":"[\\u0422\\u0442]","U":"[\\u0423\\u0443]","F":"[\\u0424\\u0444]","H":"[\\u0425\\u0445]","TS":"[\\u0426\\u0446]","CH":"[\\u0427\\u0447]","SH":"[\\u0428\\u0448\\u0429\\u0449]","I":"[\\u042B\\u044B]","E":"[\\u042D\\u044D]","YU":"[\\u042E\\u044E]","YA":"[\\u042F\\u044F]","N":"[\\u041D\\u043D]"},"researchesTests":["contentHasTOC","contentHasShortParagraphs","contentHasAssets","keywordInTitle","keywordInMetaDescription","keywordInPermalink","keywordIn10Percent","keywordInContent","keywordInSubheadings","keywordInImageAlt","keywordDensity","keywordNotUsed","lengthContent","lengthPermalink","linksHasInternal","linksHasExternals","linksNotAllExternals","titleStartWithKeyword","titleSentiment","titleHasPowerWords","titleHasNumber","hasContentAI"],"hasRedirection":true,"hasBreadcrumb":false},"homeUrl":"https:\/\/antsodenizcilik.com\/ru","objectID":1084,"objectType":"post","locale":"ru","localeFull":"ru_RU","overlayImages":{"play":{"name":"Play \u0438\u043a\u043e\u043d\u043a\u0430","url":"https:\/\/antsodenizcilik.com\/wp-content\/plugins\/seo-by-rank-math\/assets\/admin\/img\/icon-play.png","path":"\/home\/antsodenizcilik\/public_html\/wp-content\/plugins\/seo-by-rank-math\/assets\/admin\/img\/icon-play.png","position":"middle_center"},"gif":{"name":"GIF \u0438\u043a\u043e\u043d\u043a\u0430","url":"https:\/\/antsodenizcilik.com\/wp-content\/plugins\/seo-by-rank-math\/assets\/admin\/img\/icon-gif.png","path":"\/home\/antsodenizcilik\/public_html\/wp-content\/plugins\/seo-by-rank-math\/assets\/admin\/img\/icon-gif.png","position":"middle_center"}},"defautOgImage":"https:\/\/antsodenizcilik.com\/wp-content\/plugins\/seo-by-rank-math\/assets\/admin\/img\/social-placeholder.jpg","customPermalinks":true,"isUserRegistered":true,"autoSuggestKeywords":true,"connectSiteUrl":"https:\/\/rankmath.com\/auth?site=https%3A%2F%2Fantsodenizcilik.com%2Fru&r=https%3A%2F%2Fantsodenizcilik.com%2Fru%2Fwp-json%2Fwp%2Fv2%2Fpages%2F1084%3Fnonce%3D19ad182d98&pro=1","maxTags":100,"trendsIcon":"<svg viewBox=\"0 0 610 610\"><path d=\"M18.85,446,174.32,290.48l58.08,58.08L76.93,504a14.54,14.54,0,0,1-20.55,0L18.83,466.48a14.54,14.54,0,0,1,0-20.55Z\" style=\"fill:#4285f4\"\/><path d=\"M242.65,242.66,377.59,377.6l-47.75,47.75a14.54,14.54,0,0,1-20.55,0L174.37,290.43l47.75-47.75A14.52,14.52,0,0,1,242.65,242.66Z\" style=\"fill:#ea4335\"\/><polygon points=\"319.53 319.53 479.26 159.8 537.34 217.88 377.61 377.62 319.53 319.53\" style=\"fill:#fabb05\"\/><path d=\"M594.26,262.73V118.61h0a16.94,16.94,0,0,0-16.94-16.94H433.2a16.94,16.94,0,0,0-12,28.92L565.34,274.71h0a16.94,16.94,0,0,0,28.92-12Z\" style=\"fill:#34a853\"\/><rect width=\"610\" height=\"610\" style=\"fill:none\"\/><\/svg>","showScore":true,"siteFavIcon":"https:\/\/antsodenizcilik.com\/wp-content\/uploads\/2024\/07\/ANTSO-LOGO-32-PX-80x80.png","canUser":{"general":false,"advanced":false,"snippet":false,"social":false,"analysis":false,"analytics":false,"content_ai":false},"isPro":true,"is_front_page":false,"trendsUpgradeLink":"https:\/\/rankmath.com\/pricing\/?utm_source=Plugin&utm_medium=CE%20General%20Tab%20Trends&utm_campaign=WP","trendsUpgradeLabel":"\u0410\u043f\u0433\u0440\u0435\u0439\u0434","trendsPreviewImage":"https:\/\/antsodenizcilik.com\/wp-content\/plugins\/seo-by-rank-math\/assets\/admin\/img\/trends-preview.jpg","currentEditor":false,"homepageData":{"assessor":{"powerWords":[],"diacritics":true,"researchesTests":["contentHasTOC","contentHasShortParagraphs","contentHasAssets","keywordInTitle","keywordInMetaDescription","keywordInPermalink","keywordIn10Percent","keywordInContent","keywordInSubheadings","keywordInImageAlt","keywordDensity","keywordNotUsed","lengthContent","lengthPermalink","linksHasInternal","linksHasExternals","linksNotAllExternals","titleStartWithKeyword","titleSentiment","titleHasPowerWords","titleHasNumber","hasContentAI"],"hasBreadcrumb":false,"serpData":{"title":"%sitename% %page% %sep% %sitedesc%","description":"","titleTemplate":"%sitename% %page% %sep% %sitedesc%","descriptionTemplate":"","focusKeywords":"","breadcrumbTitle":"Home","robots":{"index":true},"advancedRobots":{"max-snippet":"-1","max-video-preview":"-1","max-image-preview":"large"},"facebookTitle":"","facebookDescription":"","facebookImage":"","facebookImageID":""}}},"isAnalyticsConnected":false,"tocTitle":"Table of Contents","tocExcludeHeadings":[],"listStyle":"ul"},"_links":{"self":[{"href":"https:\/\/antsodenizcilik.com\/ru\/wp-json\/wp\/v2\/pages\/1084","targetHints":{"allow":["GET"]}}],"collection":[{"href":"https:\/\/antsodenizcilik.com\/ru\/wp-json\/wp\/v2\/pages"}],"about":[{"href":"https:\/\/antsodenizcilik.com\/ru\/wp-json\/wp\/v2\/types\/page"}],"author":[{"embeddable":true,"href":"https:\/\/antsodenizcilik.com\/ru\/wp-json\/wp\/v2\/users\/1"}],"replies":[{"embeddable":true,"href":"https:\/\/antsodenizcilik.com\/ru\/wp-json\/wp\/v2\/comments?post=1084"}],"version-history":[{"count":54,"href":"https:\/\/antsodenizcilik.com\/ru\/wp-json\/wp\/v2\/pages\/1084\/revisions"}],"predecessor-version":[{"id":5122,"href":"https:\/\/antsodenizcilik.com\/ru\/wp-json\/wp\/v2\/pages\/1084\/revisions\/5122"}],"wp:attachment":[{"href":"https:\/\/antsodenizcilik.com\/ru\/wp-json\/wp\/v2\/media?parent=1084"}],"curies":[{"name":"wp","href":"https:\/\/api.w.org\/{rel}","templated":true}]}}